{"id":2836,"date":"2018-09-22T09:34:08","date_gmt":"2018-09-22T09:34:08","guid":{"rendered":"http:\/\/www.tsv-lamstedt-basketball.de\/?page_id=2836"},"modified":"2023-02-13T19:12:29","modified_gmt":"2023-02-13T19:12:29","slug":"weibliche-u16","status":"publish","type":"page","link":"http:\/\/www.tsv-lamstedt-basketball.de\/?page_id=2836","title":{"rendered":"M\u00e4nnliche U16"},"content":{"rendered":"\n<h2 class=\"wp-block-heading\">Mannschaftsfoto<\/h2>\n\n\n\n<figure class=\"wp-block-image size-large\"><a href=\"https:\/\/www.tsv-lamstedt-basketball.de\/wp-content\/uploads\/2023\/01\/MU16.jpg\"><img loading=\"lazy\" decoding=\"async\" width=\"1024\" height=\"576\" src=\"https:\/\/www.tsv-lamstedt-basketball.de\/wp-content\/uploads\/2023\/01\/MU16-1024x576.jpg\" alt=\"\" class=\"wp-image-3967\" srcset=\"http:\/\/www.tsv-lamstedt-basketball.de\/wp-content\/uploads\/2023\/01\/MU16-1024x576.jpg 1024w, http:\/\/www.tsv-lamstedt-basketball.de\/wp-content\/uploads\/2023\/01\/MU16-300x169.jpg 300w, http:\/\/www.tsv-lamstedt-basketball.de\/wp-content\/uploads\/2023\/01\/MU16-768x432.jpg 768w, http:\/\/www.tsv-lamstedt-basketball.de\/wp-content\/uploads\/2023\/01\/MU16-1536x864.jpg 1536w, http:\/\/www.tsv-lamstedt-basketball.de\/wp-content\/uploads\/2023\/01\/MU16-500x281.jpg 500w, http:\/\/www.tsv-lamstedt-basketball.de\/wp-content\/uploads\/2023\/01\/MU16.jpg 2048w\" sizes=\"auto, (max-width: 1024px) 100vw, 1024px\" \/><\/a><\/figure>\n\n\n\n<p><strong>Hintere Reihe von links nach rechts:<\/strong> Christian Ligowski, Jonas Cohrs, Jon Schimmelpfennig, Magnus M\u00f6ller, Tim M\u00fcller, Bennet S\u00f6hl, Jannes Renger, Marco Willud<\/p>\n\n\n\n<p><strong>Vordere Reihe von links nach rechts:<\/strong> Hysir Hasani, Ali Hasani, Bilal Vocaj, Mejdin Vocaj, Sali Vocaj, Mehmet T\u00fcrk, Farzad Saafi <\/p>\n","protected":false},"excerpt":{"rendered":"<p>Mannschaftsfoto Hintere Reihe von links nach rechts: Christian Ligowski, Jonas Cohrs, Jon Schimmelpfennig, Magnus M\u00f6ller, Tim M\u00fcller, Bennet S\u00f6hl, Jannes Renger, Marco Willud Vordere Reihe von links nach rechts: Hysir Hasani, Ali Hasani, Bilal Vocaj, Mejdin Vocaj, Sali Vocaj, Mehmet &hellip; <a href=\"http:\/\/www.tsv-lamstedt-basketball.de\/?page_id=2836\">Weiterlesen <span class=\"meta-nav\">&rarr;<\/span><\/a><\/p>\n","protected":false},"author":4,"featured_media":0,"parent":0,"menu_order":0,"comment_status":"closed","ping_status":"closed","template":"","meta":{"footnotes":""},"class_list":["post-2836","page","type-page","status-publish","hentry"],"_links":{"self":[{"href":"http:\/\/www.tsv-lamstedt-basketball.de\/index.php?rest_route=\/wp\/v2\/pages\/2836","targetHints":{"allow":["GET"]}}],"collection":[{"href":"http:\/\/www.tsv-lamstedt-basketball.de\/index.php?rest_route=\/wp\/v2\/pages"}],"about":[{"href":"http:\/\/www.tsv-lamstedt-basketball.de\/index.php?rest_route=\/wp\/v2\/types\/page"}],"author":[{"embeddable":true,"href":"http:\/\/www.tsv-lamstedt-basketball.de\/index.php?rest_route=\/wp\/v2\/users\/4"}],"replies":[{"embeddable":true,"href":"http:\/\/www.tsv-lamstedt-basketball.de\/index.php?rest_route=%2Fwp%2Fv2%2Fcomments&post=2836"}],"version-history":[{"count":16,"href":"http:\/\/www.tsv-lamstedt-basketball.de\/index.php?rest_route=\/wp\/v2\/pages\/2836\/revisions"}],"predecessor-version":[{"id":3988,"href":"http:\/\/www.tsv-lamstedt-basketball.de\/index.php?rest_route=\/wp\/v2\/pages\/2836\/revisions\/3988"}],"wp:attachment":[{"href":"http:\/\/www.tsv-lamstedt-basketball.de\/index.php?rest_route=%2Fwp%2Fv2%2Fmedia&parent=2836"}],"curies":[{"name":"wp","href":"https:\/\/api.w.org\/{rel}","templated":true}]}}