{"id":4378,"date":"2025-10-31T06:11:46","date_gmt":"2025-10-31T06:11:46","guid":{"rendered":"https:\/\/www.tsv-lamstedt-basketball.de\/?page_id=4378"},"modified":"2025-10-31T06:11:46","modified_gmt":"2025-10-31T06:11:46","slug":"in-erinnerung","status":"publish","type":"page","link":"http:\/\/www.tsv-lamstedt-basketball.de\/?page_id=4378","title":{"rendered":"In Erinnerung"},"content":{"rendered":"\n<h2 class=\"wp-block-heading\">Ehrenspartenleiter Rainer Lange<\/h2>\n\n\n<p><img loading=\"lazy\" decoding=\"async\" width=\"286\" height=\"341\" title=\"RainerLange\" class=\"aligncenter size-full wp-image-430\" alt=\"\" src=\"http:\/\/www.tsv-lamstedt-basketball.de\/wp-content\/uploads\/2012\/10\/RainerLange.jpg\"><\/p>\n<p style=\"text-align: center;\">Am 10. Juni 2009 starb nach langer schwerer Krankheit mit <strong>Rainer Lange<\/strong> ein Basketball-Urgestein der Region. Ohne sein unerm\u00fcdliches Engagement g\u00e4be es die Basketballabteilung des TSV Lamstedt in ihrer heutigen Form sicherlich nicht.<\/p>\n<p style=\"text-align: center;\">Rainer Lange war im Jahr 1975 nicht nur der Gr\u00fcndungsvater dieser Abteilung, sondern auch lange Zeit selber als Spieler, Trainer, Schiedsrichter und Funktion\u00e4r t\u00e4tig. Er legte den Grundstein daf\u00fcr, dass die Basketballer bis heute zu den aktivsten und erfolgreichsten Sportlern im TSV Lamstedt geh\u00f6ren.<\/p>\n<p style=\"text-align: center;\">Der Verein ernannte Rainer Lange anl\u00e4sslich seines Ausscheidens im Jahre 2000 zum Ehrenspartenleiter, weil er mit seinem Engagement das sportliche Leben in Lamstedt ma\u00dfgeblich gepr\u00e4gt hatte. Seine S\u00f6hne Jan-Erik und Henrik spielen beide in der ersten Herrenmannschaft des TSV und sind so wie ihr Vater auch als Trainer und Schiedsrichter unerm\u00fcdlich im Einsatz.<\/p>\n<p style=\"text-align: center;\">F\u00fcr seine herausragenden Verdienste um den Basketballsport nicht nur in Lamstedt, sondern auch im Bezirk L\u00fcneburg, wurde Rainer Lange im Jahr 1990 vom Bezirksbasketballverband mit der silbernen Ehrennadel ausgezeichnet. Er war viele Jahre im Bezirksvorstand sehr engagiert. Sein Einsatz galt besonders dem Nachwuchs. Der Lehrer an der Lamstedter Schule war im Altkreis Hadeln auch Kreis Fachberater f\u00fcr Schulsport. Er war lange Zeit mit der Organisation des Kreisentscheides f\u00fcr &#8218;Jugend trainiert f\u00fcr Olympia&#8216; besch\u00e4ftigt, auch bei der Bezirksmeisterschaft war er an der entscheiden den Position.<\/p>\n<p style=\"text-align: center;\">Sein Name wird immer mit dem Basketballsport in Lamstedt und weit dar\u00fcber hinaus verbunden bleiben. Auch viele Sch\u00fcler werden sich an ihren Lehrer noch lange erinnern.<\/p>\n<p>(Thomas Schult und Frank L\u00fctt)<\/p>\n\n\n<hr class=\"wp-block-separator has-alpha-channel-opacity\"\/>\n\n\n\n<h2 class=\"wp-block-heading\">Thomas Schult<\/h2>\n\n\n\n<figure class=\"wp-block-image size-large is-resized\"><a href=\"http:\/\/www.tsv-lamstedt-basketball.de\/wp-content\/uploads\/2021\/06\/192761772_4431510756933550_7454994130076781104_n-1.jpg\"><img loading=\"lazy\" decoding=\"async\" width=\"724\" height=\"1024\" src=\"http:\/\/www.tsv-lamstedt-basketball.de\/wp-content\/uploads\/2021\/06\/192761772_4431510756933550_7454994130076781104_n-1-724x1024.jpg\" alt=\"\" class=\"wp-image-3812\" style=\"aspect-ratio:0.70703125;width:491px;height:auto\" srcset=\"http:\/\/www.tsv-lamstedt-basketball.de\/wp-content\/uploads\/2021\/06\/192761772_4431510756933550_7454994130076781104_n-1-724x1024.jpg 724w, http:\/\/www.tsv-lamstedt-basketball.de\/wp-content\/uploads\/2021\/06\/192761772_4431510756933550_7454994130076781104_n-1-212x300.jpg 212w, http:\/\/www.tsv-lamstedt-basketball.de\/wp-content\/uploads\/2021\/06\/192761772_4431510756933550_7454994130076781104_n-1-768x1086.jpg 768w, http:\/\/www.tsv-lamstedt-basketball.de\/wp-content\/uploads\/2021\/06\/192761772_4431510756933550_7454994130076781104_n-1.jpg 1018w\" sizes=\"auto, (max-width: 724px) 100vw, 724px\" \/><\/a><\/figure>\n\n\n\n<p class=\"has-text-align-center\">Am 16. Mai 2021 verstarb unser Sportfreund Thomas Schult nach kurzer schwerer Krankheit.Vor ca. 15 Jahren kam Thomas mit seiner Ehefrau Susanne zu uns. Die Basketballer\/-innen verlieren einen fachkundigen, interessierten, begeisterten Wegbegleiter und Unterst\u00fctzer unserer Sportart.<\/p>\n\n\n\n<p class=\"has-text-align-center\">\u00dcber viele Jahre waren Thomas und Susanne bei den Heimspielen und Ausw\u00e4rtsfahrten dabei, keine Fahrt war ihm zu lang oder zu sp\u00e4t. Er begleitete uns sogar auf den langen Weg in unsere polnische Partnerstadt Wladyslawowo. Thomas versorgte die regionalen Zeitungen immer mit aktuellen Berichterstattungen und Fotos von unseren Punktspielen und Turnieren. Bei seinem Wirken war ihm besonders die Arbeit im Nachwuchsbereich und im Jugendbereich wichtig. Thomas hatte Zukunftsvisionen, damit unsere Sportart in dieser Region erhalten bleibt. Eine Vision war der Aufstieg, der Basketball Damen, in die 2. Regionalliga. Zu dem Zeitpunkt spielten wir noch in der Bezirksoberliga, somit stand noch ein langer Weg vor uns. Thomas war mutig und glaubte immer an uns. Jahre sp\u00e4ter gelang uns der Aufstieg. Er stand der Basketballabteilung des TSV Lamstedt mit Rat und Tat zur Seite. In der Saison nahm er sich auch mal Zeit zum \u201eFachsimpeln\u201c in gem\u00fctlicher Runde.<\/p>\n\n\n\n<p class=\"has-text-align-center\">Wir alle werden Thomas sehr vermissen und ihm ein ehrendes Andenken bewahren.<\/p>\n\n\n\n<p class=\"has-text-align-center\">\u201eVielen Dank f\u00fcr alles, wir werden dich nie vergessen.\u201c<\/p>\n\n\n\n<p class=\"has-text-align-center\">Lamstedt, im Mai 2021<\/p>\n","protected":false},"excerpt":{"rendered":"<p>Ehrenspartenleiter Rainer Lange Am 10. Juni 2009 starb nach langer schwerer Krankheit mit Rainer Lange ein Basketball-Urgestein der Region. Ohne sein unerm\u00fcdliches Engagement g\u00e4be es die Basketballabteilung des TSV Lamstedt in ihrer heutigen Form sicherlich nicht. Rainer Lange war im &hellip; <a href=\"http:\/\/www.tsv-lamstedt-basketball.de\/?page_id=4378\">Weiterlesen <span class=\"meta-nav\">&rarr;<\/span><\/a><\/p>\n","protected":false},"author":4,"featured_media":0,"parent":0,"menu_order":0,"comment_status":"closed","ping_status":"closed","template":"","meta":{"footnotes":""},"class_list":["post-4378","page","type-page","status-publish","hentry"],"_links":{"self":[{"href":"http:\/\/www.tsv-lamstedt-basketball.de\/index.php?rest_route=\/wp\/v2\/pages\/4378","targetHints":{"allow":["GET"]}}],"collection":[{"href":"http:\/\/www.tsv-lamstedt-basketball.de\/index.php?rest_route=\/wp\/v2\/pages"}],"about":[{"href":"http:\/\/www.tsv-lamstedt-basketball.de\/index.php?rest_route=\/wp\/v2\/types\/page"}],"author":[{"embeddable":true,"href":"http:\/\/www.tsv-lamstedt-basketball.de\/index.php?rest_route=\/wp\/v2\/users\/4"}],"replies":[{"embeddable":true,"href":"http:\/\/www.tsv-lamstedt-basketball.de\/index.php?rest_route=%2Fwp%2Fv2%2Fcomments&post=4378"}],"version-history":[{"count":1,"href":"http:\/\/www.tsv-lamstedt-basketball.de\/index.php?rest_route=\/wp\/v2\/pages\/4378\/revisions"}],"predecessor-version":[{"id":4380,"href":"http:\/\/www.tsv-lamstedt-basketball.de\/index.php?rest_route=\/wp\/v2\/pages\/4378\/revisions\/4380"}],"wp:attachment":[{"href":"http:\/\/www.tsv-lamstedt-basketball.de\/index.php?rest_route=%2Fwp%2Fv2%2Fmedia&parent=4378"}],"curies":[{"name":"wp","href":"https:\/\/api.w.org\/{rel}","templated":true}]}}