{"id":43,"date":"2012-07-01T12:10:32","date_gmt":"2012-07-01T10:10:32","guid":{"rendered":"http:\/\/www.tsv-lamstedt-basketball.de\/wordpress\/?page_id=43"},"modified":"2025-11-01T17:57:08","modified_gmt":"2025-11-01T17:57:08","slug":"kontakt","status":"publish","type":"page","link":"https:\/\/www.tsv-lamstedt-basketball.de\/?page_id=43","title":{"rendered":"Kontakt"},"content":{"rendered":"\n<p><strong>Vorstand<\/strong><\/p>\n\n\n\n<figure class=\"wp-block-table is-style-stripes\"><table><tbody><tr><td>Abteilungsleiter:<\/td><td>Marco Willud (marco.willud(at)gmx.de)<\/td><\/tr><tr><td>Schiedsrichterwart:<\/td><td>Henrik Lange (henrik1286(at)hotmail.de)<\/td><\/tr><tr><td>Kassenwart:<\/td><td>Frank Steffens (frank.steffens(at)gmx.de)<\/td><\/tr><tr><td>Webmaster:<\/td><td>Jan-Erik Lange (jan0385(at)hotmail.de)<\/td><\/tr><\/tbody><\/table><\/figure>\n\n\n\n<p><\/p>\n\n\n\n<p><strong>\u00dcbungsleiter<\/strong><\/p>\n\n\n\n<figure class=\"wp-block-table is-style-stripes\"><table><tbody><tr><td>Damen<\/td><td>Lasse Hallmann<\/td><\/tr><tr><td>Herren<\/td><td>Marco Willud<\/td><\/tr><tr><td>M\u00e4nnl. U18<\/td><td>Marco Willud und Dirk Bludau<\/td><\/tr><tr><td>Weibl. U18<\/td><td>Lasse Hallmann<\/td><\/tr><tr><td>M\u00e4nnl. U16<\/td><td>Leon Harms<\/td><\/tr><\/tbody><\/table><\/figure>\n\n\n\n<p><strong>Anfahrt:<\/strong><\/p>\n\n\n\n<p>Die Punktspiele finden in der Bernhard-Riemke-Sporthalle statt.<b><br><\/b><\/p>\n\n\n\n<address><b>Bernhard-Riemke-Sporthalle<br>Sch\u00fctzenstr. 21<br>21769 Lamstedt<\/b><\/address>\n\n\n\n<p><\/p>\n\n\n\n<p><\/p>\n","protected":false},"excerpt":{"rendered":"<p>Vorstand Abteilungsleiter: Marco Willud (marco.willud(at)gmx.de) Schiedsrichterwart: Henrik Lange (henrik1286(at)hotmail.de) Kassenwart: Frank Steffens (frank.steffens(at)gmx.de) Webmaster: Jan-Erik Lange (jan0385(at)hotmail.de) \u00dcbungsleiter Damen Lasse Hallmann Herren Marco Willud M\u00e4nnl. U18 Marco Willud und Dirk Bludau Weibl. U18 Lasse Hallmann M\u00e4nnl. U16 Leon Harms Anfahrt: &hellip; <a href=\"https:\/\/www.tsv-lamstedt-basketball.de\/?page_id=43\">Weiterlesen <span class=\"meta-nav\">&rarr;<\/span><\/a><\/p>\n","protected":false},"author":4,"featured_media":0,"parent":0,"menu_order":0,"comment_status":"closed","ping_status":"closed","template":"","meta":{"footnotes":""},"class_list":["post-43","page","type-page","status-publish","hentry"],"_links":{"self":[{"href":"https:\/\/www.tsv-lamstedt-basketball.de\/index.php?rest_route=\/wp\/v2\/pages\/43","targetHints":{"allow":["GET"]}}],"collection":[{"href":"https:\/\/www.tsv-lamstedt-basketball.de\/index.php?rest_route=\/wp\/v2\/pages"}],"about":[{"href":"https:\/\/www.tsv-lamstedt-basketball.de\/index.php?rest_route=\/wp\/v2\/types\/page"}],"author":[{"embeddable":true,"href":"https:\/\/www.tsv-lamstedt-basketball.de\/index.php?rest_route=\/wp\/v2\/users\/4"}],"replies":[{"embeddable":true,"href":"https:\/\/www.tsv-lamstedt-basketball.de\/index.php?rest_route=%2Fwp%2Fv2%2Fcomments&post=43"}],"version-history":[{"count":29,"href":"https:\/\/www.tsv-lamstedt-basketball.de\/index.php?rest_route=\/wp\/v2\/pages\/43\/revisions"}],"predecessor-version":[{"id":4386,"href":"https:\/\/www.tsv-lamstedt-basketball.de\/index.php?rest_route=\/wp\/v2\/pages\/43\/revisions\/4386"}],"wp:attachment":[{"href":"https:\/\/www.tsv-lamstedt-basketball.de\/index.php?rest_route=%2Fwp%2Fv2%2Fmedia&parent=43"}],"curies":[{"name":"wp","href":"https:\/\/api.w.org\/{rel}","templated":true}]}}